{"id":6414,"date":"2024-07-12T09:44:29","date_gmt":"2024-07-12T07:44:29","guid":{"rendered":"https:\/\/www.osmasas.it\/cookie\/"},"modified":"2024-07-18T09:08:10","modified_gmt":"2024-07-18T07:08:10","slug":"cookie","status":"publish","type":"page","link":"https:\/\/www.osmasas.it\/fr\/cookie\/","title":{"rendered":"Cookie"},"content":{"rendered":"\n<p>La pr\u00e9sente Politique relative aux cookies fait partie int\u00e9grante de la <a href=\"https:\/\/www.osmasas.it\/fr\/privacy-policy\/\">Politique de confidentialit\u00e9<\/a>.<\/p>\n\n\n\n<p>L&rsquo;utilisateur est inform\u00e9 de l&rsquo;utilisation des cookies techniques sur le site via une banni\u00e8re visible \u00e0 chaque premi\u00e8re visite sur le site, comme pr\u00e9vu par la d\u00e9cision du Garant pour la protection des donn\u00e9es personnelles (n\u00b0 229 du 8 mai 2014) et par la d\u00e9cision n\u00b0 231 portant \u00ab\u00a0<a href=\"https:\/\/www.gpdp.it\/web\/guest\/home\/docweb\/-\/docweb-display\/docweb\/9677876#english\">Lignes directrices sur les cookies et autres outils de suivi<\/a>\u00ab\u00a0, publi\u00e9e au Journal officiel n\u00b0 163 du 9 juillet 2021.<\/p>\n\n\n<style>.wp-block-kadence-advancedheading.kt-adv-heading6414_cb20e4-ec, .wp-block-kadence-advancedheading.kt-adv-heading6414_cb20e4-ec[data-kb-block=\"kb-adv-heading6414_cb20e4-ec\"]{font-style:normal;}.wp-block-kadence-advancedheading.kt-adv-heading6414_cb20e4-ec mark.kt-highlight, .wp-block-kadence-advancedheading.kt-adv-heading6414_cb20e4-ec[data-kb-block=\"kb-adv-heading6414_cb20e4-ec\"] mark.kt-highlight{font-style:normal;color:#f76a0c;-webkit-box-decoration-break:clone;box-decoration-break:clone;padding-top:0px;padding-right:0px;padding-bottom:0px;padding-left:0px;}.wp-block-kadence-advancedheading.kt-adv-heading6414_cb20e4-ec img.kb-inline-image, .wp-block-kadence-advancedheading.kt-adv-heading6414_cb20e4-ec[data-kb-block=\"kb-adv-heading6414_cb20e4-ec\"] img.kb-inline-image{width:150px;vertical-align:baseline;}<\/style>\n<h2 class=\"kt-adv-heading6414_cb20e4-ec wp-block-kadence-advancedheading\" data-kb-block=\"kb-adv-heading6414_cb20e4-ec\">Que sont les cookies ? <\/h2>\n\n\n\n<p>Les cookies sont constitu\u00e9s de portions de code (fichiers informatiques ou donn\u00e9es partielles) envoy\u00e9es par un serveur au navigateur Internet de l&rsquo;utilisateur, stock\u00e9es automatiquement par ce navigateur sur l&rsquo;ordinateur de l&rsquo;utilisateur et renvoy\u00e9es automatiquement au serveur \u00e0 chaque occurrence ou acc\u00e8s ult\u00e9rieur au site.<\/p>\n\n\n\n<p>G\u00e9n\u00e9ralement, un cookie contient le nom du site Internet d&rsquo;o\u00f9 il provient, la dur\u00e9e de vie du cookie (c&rsquo;est-\u00e0-dire combien de temps il restera sur le dispositif de l&rsquo;utilisateur) et une valeur, qui est habituellement un num\u00e9ro unique g\u00e9n\u00e9r\u00e9 de mani\u00e8re al\u00e9atoire.<\/p>\n\n\n\n<p>\u00c0 chaque visite ult\u00e9rieure, les cookies sont renvoy\u00e9s au site web qui les a origin\u00e9s (cookies de premi\u00e8re partie) ou \u00e0 un autre site qui les reconna\u00eet (cookies de tiers). Les cookies sont utiles car ils permettent \u00e0 un site web de reconna\u00eetre le dispositif de l&rsquo;utilisateur et ont diff\u00e9rentes finalit\u00e9s comme, par exemple, permettre une navigation efficace entre les pages, se souvenir des sites pr\u00e9f\u00e9r\u00e9s et, en g\u00e9n\u00e9ral, am\u00e9liorer l&rsquo;exp\u00e9rience de navigation. Ils contribuent \u00e9galement \u00e0 garantir que les contenus publicitaires affich\u00e9s en ligne sont plus cibl\u00e9s sur un utilisateur et ses int\u00e9r\u00eats.<\/p>\n\n\n\n<p>Si l&rsquo;utilisateur d\u00e9cide de d\u00e9sactiver les cookies, cela pourrait affecter et\/ou limiter son exp\u00e9rience de navigation sur le site, par exemple il pourrait ne pas \u00eatre en mesure de visiter certaines sections.<\/p>\n\n\n\n<p>Les modalit\u00e9s de fonctionnement ainsi que les options pour limiter ou bloquer les cookies peuvent \u00eatre r\u00e9gl\u00e9es en modifiant les param\u00e8tres de votre navigateur Internet. La majorit\u00e9 des navigateurs Internet sont initialement configur\u00e9s pour accepter automatiquement les cookies, l&rsquo;utilisateur peut toutefois modifier ces param\u00e8tres pour bloquer les cookies ou \u00eatre averti chaque fois que des cookies sont envoy\u00e9s \u00e0 son dispositif.<\/p>\n\n\n\n<p>Il existe diff\u00e9rentes fa\u00e7ons de g\u00e9rer les cookies, pour ce faire, il convient de se r\u00e9f\u00e9rer \u00e0 l&rsquo;\u00e9cran d&rsquo;aide de votre navigateur pour v\u00e9rifier comment r\u00e9gler ou modifier les param\u00e8tres de celui-ci. L&rsquo;utilisateur peut en effet modifier la configuration par d\u00e9faut et d\u00e9sactiver les cookies (c&rsquo;est-\u00e0-dire les bloquer d\u00e9finitivement), en d\u00e9finissant le niveau de protection le plus \u00e9lev\u00e9.<\/p>\n\n\n<style>.wp-block-kadence-advancedheading.kt-adv-heading6414_c46369-f1, .wp-block-kadence-advancedheading.kt-adv-heading6414_c46369-f1[data-kb-block=\"kb-adv-heading6414_c46369-f1\"]{font-style:normal;}.wp-block-kadence-advancedheading.kt-adv-heading6414_c46369-f1 mark.kt-highlight, .wp-block-kadence-advancedheading.kt-adv-heading6414_c46369-f1[data-kb-block=\"kb-adv-heading6414_c46369-f1\"] mark.kt-highlight{font-style:normal;color:#f76a0c;-webkit-box-decoration-break:clone;box-decoration-break:clone;padding-top:0px;padding-right:0px;padding-bottom:0px;padding-left:0px;}.wp-block-kadence-advancedheading.kt-adv-heading6414_c46369-f1 img.kb-inline-image, .wp-block-kadence-advancedheading.kt-adv-heading6414_c46369-f1[data-kb-block=\"kb-adv-heading6414_c46369-f1\"] img.kb-inline-image{width:150px;vertical-align:baseline;}<\/style>\n<h2 class=\"kt-adv-heading6414_c46369-f1 wp-block-kadence-advancedheading\" data-kb-block=\"kb-adv-heading6414_c46369-f1\">Cookies utilis\u00e9s sur le site <\/h2>\n\n\n\n<p>Le site utilise diff\u00e9rents types de cookies, chacun ayant une fonction sp\u00e9cifique. Le site utilise des cookies pour rendre la navigation plus facile. Les cookies peuvent \u00e9galement \u00eatre utilis\u00e9s pour acc\u00e9l\u00e9rer les exp\u00e9riences et activit\u00e9s futures des utilisateurs sur le site. En outre, des cookies sont utilis\u00e9s pour compiler des statistiques anonymes agr\u00e9g\u00e9es qui permettent de comprendre comment les utilisateurs utilisent le site et pour am\u00e9liorer la structure et le contenu du site lui-m\u00eame. Voici une liste explicative :<\/p>\n\n\n\n<ul class=\"wp-block-list\">\n<li>Les <strong>cookies techniques<\/strong> sont essentiels au bon fonctionnement du site et permettent aux utilisateurs de naviguer sur le site et d&rsquo;utiliser ses fonctionnalit\u00e9s (par exemple, ils permettent de m\u00e9moriser les actions pr\u00e9c\u00e9dentes ou de sauvegarder la session de l&rsquo;utilisateur et\/ou de r\u00e9aliser d&rsquo;autres activit\u00e9s strictement n\u00e9cessaires au fonctionnement du site). <\/li>\n\n\n\n<li>Le site utilise ou peut utiliser, \u00e9galement en combinaison entre eux, des <strong>cookies de session<\/strong> qui sont stock\u00e9s sur l&rsquo;ordinateur de l&rsquo;utilisateur pour des besoins purement techniques et fonctionnels, pour la transmission d&rsquo;identifiants de session n\u00e9cessaires pour permettre une exploration s\u00fbre et efficace du site ; ils sont supprim\u00e9s \u00e0 la fin de la session (d&rsquo;o\u00f9 leur nom) avec la fermeture du navigateur ; des cookies persistants qui restent stock\u00e9s sur le disque dur de l&rsquo;ordinateur jusqu&rsquo;\u00e0 leur expiration ou leur suppression par les utilisateurs. <\/li>\n\n\n\n<li>Gr\u00e2ce aux <strong>cookies persistants<\/strong>, les utilisateurs qui acc\u00e8dent aux sites (ou d&rsquo;autres utilisateurs \u00e9ventuels utilisant le m\u00eame ordinateur) sont automatiquement reconnus \u00e0 chaque visite. <\/li>\n\n\n\n<li>Cette cat\u00e9gorie comprend \u00e9galement les <strong>cookies analytiques<\/strong> qui aident \u00e0 comprendre comment les utilisateurs interagissent avec le site en fournissant des informations relatives \u00e0 la derni\u00e8re page visit\u00e9e, au nombre de sections et pages visit\u00e9es, au temps pass\u00e9 sur le site et \u00e0 tout incident survenu lors de la navigation, comme par exemple un message d&rsquo;erreur, et aident \u00e0 comprendre toute difficult\u00e9 rencontr\u00e9e par l&rsquo;utilisateur dans l&rsquo;utilisation du site. Ces informations sont analys\u00e9es avec celles d&rsquo;autres utilisateurs de mani\u00e8re \u00e0 ne pas identifier un utilisateur particulier par rapport \u00e0 un autre. Ces cookies sont collect\u00e9s et agr\u00e9g\u00e9s de mani\u00e8re anonyme et permettent au gestionnaire du site d&rsquo;am\u00e9liorer l&rsquo;utilisabilit\u00e9 du site. <\/li>\n\n\n\n<li>Enfin, les <strong>cookies fonctionnels<\/strong> permettent au site de se souvenir des choix de l&rsquo;utilisateur (par exemple, le nom d&rsquo;utilisateur) pour fournir \u00e0 ce dernier une navigation plus personnalis\u00e9e et optimis\u00e9e. Les cookies fonctionnels ne sont pas indispensables au fonctionnement du site, mais ils en am\u00e9liorent la qualit\u00e9 et l&rsquo;exp\u00e9rience de navigation. Si ces cookies ne sont pas accept\u00e9s, les performances et la fonctionnalit\u00e9 du site pourraient \u00eatre r\u00e9duites et l&rsquo;acc\u00e8s \u00e0 certains contenus du site pourrait \u00eatre limit\u00e9. <\/li>\n<\/ul>\n\n\n<style>.wp-block-kadence-advancedheading.kt-adv-heading6414_ba589c-95, .wp-block-kadence-advancedheading.kt-adv-heading6414_ba589c-95[data-kb-block=\"kb-adv-heading6414_ba589c-95\"]{font-style:normal;}.wp-block-kadence-advancedheading.kt-adv-heading6414_ba589c-95 mark.kt-highlight, .wp-block-kadence-advancedheading.kt-adv-heading6414_ba589c-95[data-kb-block=\"kb-adv-heading6414_ba589c-95\"] mark.kt-highlight{font-style:normal;color:#f76a0c;-webkit-box-decoration-break:clone;box-decoration-break:clone;padding-top:0px;padding-right:0px;padding-bottom:0px;padding-left:0px;}.wp-block-kadence-advancedheading.kt-adv-heading6414_ba589c-95 img.kb-inline-image, .wp-block-kadence-advancedheading.kt-adv-heading6414_ba589c-95[data-kb-block=\"kb-adv-heading6414_ba589c-95\"] img.kb-inline-image{width:150px;vertical-align:baseline;}<\/style>\n<h2 class=\"kt-adv-heading6414_ba589c-95 wp-block-kadence-advancedheading\" data-kb-block=\"kb-adv-heading6414_ba589c-95\">Cookies de tiers <\/h2>\n\n\n\n<p>Lorsqu&rsquo;un utilisateur utilise le site, il est possible que certains cookies ne soient pas contr\u00f4l\u00e9s par le gestionnaire du site. Cela se produit, par exemple, si l&rsquo;utilisateur visite une page contenant des contenus d&rsquo;un site web tiers. En cons\u00e9quence, l&rsquo;utilisateur recevra des cookies de ces services tiers. Le gestionnaire du site n&rsquo;a pas de contr\u00f4le sur les informations fournies par ces cookies et n&rsquo;a pas acc\u00e8s \u00e0 ces donn\u00e9es. Ces informations sont totalement contr\u00f4l\u00e9es par les soci\u00e9t\u00e9s tierces selon ce qui est d\u00e9crit dans leurs politiques de confidentialit\u00e9 respectives.<\/p>\n\n\n<style>.wp-block-kadence-advancedheading.kt-adv-heading6414_c4aab3-79, .wp-block-kadence-advancedheading.kt-adv-heading6414_c4aab3-79[data-kb-block=\"kb-adv-heading6414_c4aab3-79\"]{font-size:var(--global-kb-font-size-lg, 2rem);font-style:normal;}.wp-block-kadence-advancedheading.kt-adv-heading6414_c4aab3-79 mark.kt-highlight, .wp-block-kadence-advancedheading.kt-adv-heading6414_c4aab3-79[data-kb-block=\"kb-adv-heading6414_c4aab3-79\"] mark.kt-highlight{font-style:normal;color:#f76a0c;-webkit-box-decoration-break:clone;box-decoration-break:clone;padding-top:0px;padding-right:0px;padding-bottom:0px;padding-left:0px;}.wp-block-kadence-advancedheading.kt-adv-heading6414_c4aab3-79 img.kb-inline-image, .wp-block-kadence-advancedheading.kt-adv-heading6414_c4aab3-79[data-kb-block=\"kb-adv-heading6414_c4aab3-79\"] img.kb-inline-image{width:150px;vertical-align:baseline;}<\/style>\n<p class=\"kt-adv-heading6414_c4aab3-79 wp-block-kadence-advancedheading\" data-kb-block=\"kb-adv-heading6414_c4aab3-79\">Comment bloquer les cookies \u00e0 partir du navigateur<\/p>\n\n\n\n<p><strong>GOOGLE CHROME<\/strong> Pour plus d&rsquo;informations, consultez la page de <a href=\"https:\/\/support.google.com\/accounts\/answer\/61416?co=GENIE.Platform%3DDesktop&amp;hl=en\" target=\"_blank\" rel=\"noreferrer noopener\">Google Chrome<\/a><\/p>\n\n\n\n<p><strong>OPERA<\/strong> Pour plus d&rsquo;informations, consultez la page de <a href=\"https:\/\/help.opera.com\/en\/latest\/web-preferences\/\" target=\"_blank\" rel=\"noreferrer noopener\">Opera<\/a><\/p>\n\n\n\n<p><strong>SAFARI<\/strong> Pour plus d&rsquo;informations, consultez la page de <a href=\"https:\/\/support.apple.com\/kb\/PH19214?locale=it_IT&amp;viewlocale=it_IT\" target=\"_blank\" rel=\"noreferrer noopener\">Safari<\/a> or <a href=\"https:\/\/support.apple.com\/en-gb\/HT201265\" target=\"_blank\" rel=\"noreferrer noopener\">Safari (IOS)<\/a><\/p>\n\n\n\n<p><strong>FIREFOX<\/strong> Pour plus d&rsquo;informations, consultez la page de <a href=\"https:\/\/support.mozilla.org\/it\/kb\/Gestione%20dei%20Cookie?redirectlocale=en-US&amp;redirectslug=Cookiesokies\" target=\"_blank\" rel=\"noreferrer noopener\">Firefox<\/a><\/p>\n\n\n\n<p><strong>MICROSOFT EDGE<\/strong> Pour plus d&rsquo;informations, consultez la page de <a href=\"https:\/\/privacy.microsoft.com\/it-IT\/windows-10-microsoft-edge-and-privacy\" target=\"_blank\" rel=\"noreferrer noopener\"> Microsoft Edge<\/a><\/p>\n","protected":false},"excerpt":{"rendered":"<p>La pr\u00e9sente Politique relative aux cookies fait partie int\u00e9grante de la Politique de confidentialit\u00e9. L&rsquo;utilisateur est inform\u00e9 de l&rsquo;utilisation des cookies techniques sur le site via une banni\u00e8re visible \u00e0 chaque premi\u00e8re visite sur le site, comme pr\u00e9vu par la d\u00e9cision du Garant pour la protection des donn\u00e9es personnelles (n\u00b0 229 du 8 mai 2014) [&hellip;]<\/p>\n","protected":false},"author":1,"featured_media":0,"parent":0,"menu_order":0,"comment_status":"closed","ping_status":"closed","template":"","meta":{"_acf_changed":false,"footnotes":""},"class_list":["post-6414","page","type-page","status-publish","hentry"],"acf":[],"yoast_head":"<!-- This site is optimized with the Yoast SEO plugin v27.6 - https:\/\/yoast.com\/product\/yoast-seo-wordpress\/ -->\n<title>Cookie - Osma<\/title>\n<meta name=\"robots\" content=\"noindex, follow\" \/>\n<meta property=\"og:locale\" content=\"fr_FR\" \/>\n<meta property=\"og:type\" content=\"article\" \/>\n<meta property=\"og:title\" content=\"Cookie - Osma\" \/>\n<meta property=\"og:description\" content=\"La pr\u00e9sente Politique relative aux cookies fait partie int\u00e9grante de la Politique de confidentialit\u00e9. L&rsquo;utilisateur est inform\u00e9 de l&rsquo;utilisation des cookies techniques sur le site via une banni\u00e8re visible \u00e0 chaque premi\u00e8re visite sur le site, comme pr\u00e9vu par la d\u00e9cision du Garant pour la protection des donn\u00e9es personnelles (n\u00b0 229 du 8 mai 2014) [&hellip;]\" \/>\n<meta property=\"og:url\" content=\"https:\/\/www.osmasas.it\/fr\/cookie\/\" \/>\n<meta property=\"og:site_name\" content=\"Osma\" \/>\n<meta property=\"article:modified_time\" content=\"2024-07-18T07:08:10+00:00\" \/>\n<meta name=\"twitter:card\" content=\"summary_large_image\" \/>\n<meta name=\"twitter:label1\" content=\"Dur\u00e9e de lecture estim\u00e9e\" \/>\n\t<meta name=\"twitter:data1\" content=\"6 minutes\" \/>\n<script type=\"application\/ld+json\" class=\"yoast-schema-graph\">{\"@context\":\"https:\\\/\\\/schema.org\",\"@graph\":[{\"@type\":\"WebPage\",\"@id\":\"https:\\\/\\\/www.osmasas.it\\\/fr\\\/cookie\\\/\",\"url\":\"https:\\\/\\\/www.osmasas.it\\\/fr\\\/cookie\\\/\",\"name\":\"Cookie - Osma\",\"isPartOf\":{\"@id\":\"https:\\\/\\\/www.osmasas.it\\\/fr\\\/#website\"},\"datePublished\":\"2024-07-12T07:44:29+00:00\",\"dateModified\":\"2024-07-18T07:08:10+00:00\",\"breadcrumb\":{\"@id\":\"https:\\\/\\\/www.osmasas.it\\\/fr\\\/cookie\\\/#breadcrumb\"},\"inLanguage\":\"fr-FR\",\"potentialAction\":[{\"@type\":\"ReadAction\",\"target\":[\"https:\\\/\\\/www.osmasas.it\\\/fr\\\/cookie\\\/\"]}]},{\"@type\":\"BreadcrumbList\",\"@id\":\"https:\\\/\\\/www.osmasas.it\\\/fr\\\/cookie\\\/#breadcrumb\",\"itemListElement\":[{\"@type\":\"ListItem\",\"position\":1,\"name\":\"Home\",\"item\":\"https:\\\/\\\/www.osmasas.it\\\/fr\\\/osma-machines-agricoles-et-forestieres\\\/\"},{\"@type\":\"ListItem\",\"position\":2,\"name\":\"Cookie\"}]},{\"@type\":\"WebSite\",\"@id\":\"https:\\\/\\\/www.osmasas.it\\\/fr\\\/#website\",\"url\":\"https:\\\/\\\/www.osmasas.it\\\/fr\\\/\",\"name\":\"Osma\",\"description\":\"Macchine Agricole e Forestali\",\"publisher\":{\"@id\":\"https:\\\/\\\/www.osmasas.it\\\/fr\\\/#organization\"},\"potentialAction\":[{\"@type\":\"SearchAction\",\"target\":{\"@type\":\"EntryPoint\",\"urlTemplate\":\"https:\\\/\\\/www.osmasas.it\\\/fr\\\/?s={search_term_string}\"},\"query-input\":{\"@type\":\"PropertyValueSpecification\",\"valueRequired\":true,\"valueName\":\"search_term_string\"}}],\"inLanguage\":\"fr-FR\"},{\"@type\":\"Organization\",\"@id\":\"https:\\\/\\\/www.osmasas.it\\\/fr\\\/#organization\",\"name\":\"Osma\",\"url\":\"https:\\\/\\\/www.osmasas.it\\\/fr\\\/\",\"logo\":{\"@type\":\"ImageObject\",\"inLanguage\":\"fr-FR\",\"@id\":\"https:\\\/\\\/www.osmasas.it\\\/fr\\\/#\\\/schema\\\/logo\\\/image\\\/\",\"url\":\"https:\\\/\\\/www.osmasas.it\\\/wp-content\\\/uploads\\\/2021\\\/12\\\/Osma-sas-logo.png\",\"contentUrl\":\"https:\\\/\\\/www.osmasas.it\\\/wp-content\\\/uploads\\\/2021\\\/12\\\/Osma-sas-logo.png\",\"width\":247,\"height\":94,\"caption\":\"Osma\"},\"image\":{\"@id\":\"https:\\\/\\\/www.osmasas.it\\\/fr\\\/#\\\/schema\\\/logo\\\/image\\\/\"}}]}<\/script>\n<!-- \/ Yoast SEO plugin. -->","yoast_head_json":{"title":"Cookie - Osma","robots":{"index":"noindex","follow":"follow"},"og_locale":"fr_FR","og_type":"article","og_title":"Cookie - Osma","og_description":"La pr\u00e9sente Politique relative aux cookies fait partie int\u00e9grante de la Politique de confidentialit\u00e9. L&rsquo;utilisateur est inform\u00e9 de l&rsquo;utilisation des cookies techniques sur le site via une banni\u00e8re visible \u00e0 chaque premi\u00e8re visite sur le site, comme pr\u00e9vu par la d\u00e9cision du Garant pour la protection des donn\u00e9es personnelles (n\u00b0 229 du 8 mai 2014) [&hellip;]","og_url":"https:\/\/www.osmasas.it\/fr\/cookie\/","og_site_name":"Osma","article_modified_time":"2024-07-18T07:08:10+00:00","twitter_card":"summary_large_image","twitter_misc":{"Dur\u00e9e de lecture estim\u00e9e":"6 minutes"},"schema":{"@context":"https:\/\/schema.org","@graph":[{"@type":"WebPage","@id":"https:\/\/www.osmasas.it\/fr\/cookie\/","url":"https:\/\/www.osmasas.it\/fr\/cookie\/","name":"Cookie - Osma","isPartOf":{"@id":"https:\/\/www.osmasas.it\/fr\/#website"},"datePublished":"2024-07-12T07:44:29+00:00","dateModified":"2024-07-18T07:08:10+00:00","breadcrumb":{"@id":"https:\/\/www.osmasas.it\/fr\/cookie\/#breadcrumb"},"inLanguage":"fr-FR","potentialAction":[{"@type":"ReadAction","target":["https:\/\/www.osmasas.it\/fr\/cookie\/"]}]},{"@type":"BreadcrumbList","@id":"https:\/\/www.osmasas.it\/fr\/cookie\/#breadcrumb","itemListElement":[{"@type":"ListItem","position":1,"name":"Home","item":"https:\/\/www.osmasas.it\/fr\/osma-machines-agricoles-et-forestieres\/"},{"@type":"ListItem","position":2,"name":"Cookie"}]},{"@type":"WebSite","@id":"https:\/\/www.osmasas.it\/fr\/#website","url":"https:\/\/www.osmasas.it\/fr\/","name":"Osma","description":"Macchine Agricole e Forestali","publisher":{"@id":"https:\/\/www.osmasas.it\/fr\/#organization"},"potentialAction":[{"@type":"SearchAction","target":{"@type":"EntryPoint","urlTemplate":"https:\/\/www.osmasas.it\/fr\/?s={search_term_string}"},"query-input":{"@type":"PropertyValueSpecification","valueRequired":true,"valueName":"search_term_string"}}],"inLanguage":"fr-FR"},{"@type":"Organization","@id":"https:\/\/www.osmasas.it\/fr\/#organization","name":"Osma","url":"https:\/\/www.osmasas.it\/fr\/","logo":{"@type":"ImageObject","inLanguage":"fr-FR","@id":"https:\/\/www.osmasas.it\/fr\/#\/schema\/logo\/image\/","url":"https:\/\/www.osmasas.it\/wp-content\/uploads\/2021\/12\/Osma-sas-logo.png","contentUrl":"https:\/\/www.osmasas.it\/wp-content\/uploads\/2021\/12\/Osma-sas-logo.png","width":247,"height":94,"caption":"Osma"},"image":{"@id":"https:\/\/www.osmasas.it\/fr\/#\/schema\/logo\/image\/"}}]}},"_links":{"self":[{"href":"https:\/\/www.osmasas.it\/fr\/wp-json\/wp\/v2\/pages\/6414","targetHints":{"allow":["GET"]}}],"collection":[{"href":"https:\/\/www.osmasas.it\/fr\/wp-json\/wp\/v2\/pages"}],"about":[{"href":"https:\/\/www.osmasas.it\/fr\/wp-json\/wp\/v2\/types\/page"}],"author":[{"embeddable":true,"href":"https:\/\/www.osmasas.it\/fr\/wp-json\/wp\/v2\/users\/1"}],"replies":[{"embeddable":true,"href":"https:\/\/www.osmasas.it\/fr\/wp-json\/wp\/v2\/comments?post=6414"}],"version-history":[{"count":3,"href":"https:\/\/www.osmasas.it\/fr\/wp-json\/wp\/v2\/pages\/6414\/revisions"}],"predecessor-version":[{"id":6513,"href":"https:\/\/www.osmasas.it\/fr\/wp-json\/wp\/v2\/pages\/6414\/revisions\/6513"}],"wp:attachment":[{"href":"https:\/\/www.osmasas.it\/fr\/wp-json\/wp\/v2\/media?parent=6414"}],"curies":[{"name":"wp","href":"https:\/\/api.w.org\/{rel}","templated":true}]}}