{"id":6009,"date":"2024-07-09T14:30:09","date_gmt":"2024-07-09T12:30:09","guid":{"rendered":"https:\/\/www.osmasas.it\/contacts\/"},"modified":"2024-07-09T14:30:09","modified_gmt":"2024-07-09T12:30:09","slug":"contacts","status":"publish","type":"page","link":"https:\/\/www.osmasas.it\/fr\/contacts\/","title":{"rendered":"Contacts"},"content":{"rendered":"\n<p><strong>Commercial<\/strong><br\/> <a href=\"mailto:info@osmasnc.com\">info@osmasas.com<br\/><\/a><a href=\"mailto:vendite@osmasas.com\">vendite@osmasas.com<\/a><\/p>\r\n<p><strong>Administration et comptabilit\u00e9<br\/><\/strong><a href=\"mailto:amministrazione@osmasas.com\">amministrazione@osmasas.com<\/a><br\/><a href=\"mailto:contabilita@osmasas.com\">contabilita@osmasas.com<\/a><br\/><a href=\"mailto:segreteria@osmasas.com\">segreteria@osmasas.com<\/a><strong><br\/><\/strong><\/p>\r\n<p><strong>Pi\u00e8ces de rechange et exp\u00e9ditions<\/strong><br\/><a href=\"mailto:ricambi@osmasas.com\">ricambi@osmasas.com<\/a><\/p>\r\n<p><strong>Bureau technique<\/strong><br\/><a href=\"mailto: tecnico@osmasas.com\"> tecnico@osmasas.com<\/a><\/p>\r\n","protected":false},"excerpt":{"rendered":"<p>Commercial info@osmasas.comvendite@osmasas.com Administration et comptabilit\u00e9amministrazione@osmasas.comcontabilita@osmasas.comsegreteria@osmasas.com Pi\u00e8ces de rechange et exp\u00e9ditionsricambi@osmasas.com Bureau technique tecnico@osmasas.com<\/p>\n","protected":false},"author":1,"featured_media":0,"parent":0,"menu_order":0,"comment_status":"closed","ping_status":"closed","template":"templates-custom\/tpl-contacts.php","meta":{"_acf_changed":false,"footnotes":""},"class_list":["post-6009","page","type-page","status-publish","hentry"],"acf":[],"yoast_head":"<!-- This site is optimized with the Yoast SEO plugin v27.6 - https:\/\/yoast.com\/product\/yoast-seo-wordpress\/ -->\n<title>Contacts | OSMA | Machines Agricoles et Foresti\u00e8res | Cremona<\/title>\n<meta name=\"description\" content=\"Vous pouvez contacter OSMA via le formulaire de contact, ou \u00e9crire au service commercial, administration, pi\u00e8ces de rechange, bureau technique.\" \/>\n<meta name=\"robots\" content=\"index, follow, max-snippet:-1, max-image-preview:large, max-video-preview:-1\" \/>\n<link rel=\"canonical\" href=\"https:\/\/www.osmasas.it\/fr\/contacts\/\" \/>\n<meta property=\"og:locale\" content=\"fr_FR\" \/>\n<meta property=\"og:type\" content=\"article\" \/>\n<meta property=\"og:title\" content=\"Contacts | OSMA | Machines Agricoles et Foresti\u00e8res | Cremona\" \/>\n<meta property=\"og:description\" content=\"Vous pouvez contacter OSMA via le formulaire de contact, ou \u00e9crire au service commercial, administration, pi\u00e8ces de rechange, bureau technique.\" \/>\n<meta property=\"og:url\" content=\"https:\/\/www.osmasas.it\/fr\/contacts\/\" \/>\n<meta property=\"og:site_name\" content=\"Osma\" \/>\n<meta name=\"twitter:card\" content=\"summary_large_image\" \/>\n<script type=\"application\/ld+json\" class=\"yoast-schema-graph\">{\"@context\":\"https:\\\/\\\/schema.org\",\"@graph\":[{\"@type\":\"WebPage\",\"@id\":\"https:\\\/\\\/www.osmasas.it\\\/fr\\\/contacts\\\/\",\"url\":\"https:\\\/\\\/www.osmasas.it\\\/fr\\\/contacts\\\/\",\"name\":\"Contacts | OSMA | Machines Agricoles et Foresti\u00e8res | Cremona\",\"isPartOf\":{\"@id\":\"https:\\\/\\\/www.osmasas.it\\\/fr\\\/#website\"},\"datePublished\":\"2024-07-09T12:30:09+00:00\",\"description\":\"Vous pouvez contacter OSMA via le formulaire de contact, ou \u00e9crire au service commercial, administration, pi\u00e8ces de rechange, bureau technique.\",\"breadcrumb\":{\"@id\":\"https:\\\/\\\/www.osmasas.it\\\/fr\\\/contacts\\\/#breadcrumb\"},\"inLanguage\":\"fr-FR\",\"potentialAction\":[{\"@type\":\"ReadAction\",\"target\":[\"https:\\\/\\\/www.osmasas.it\\\/fr\\\/contacts\\\/\"]}]},{\"@type\":\"BreadcrumbList\",\"@id\":\"https:\\\/\\\/www.osmasas.it\\\/fr\\\/contacts\\\/#breadcrumb\",\"itemListElement\":[{\"@type\":\"ListItem\",\"position\":1,\"name\":\"Home\",\"item\":\"https:\\\/\\\/www.osmasas.it\\\/fr\\\/osma-machines-agricoles-et-forestieres\\\/\"},{\"@type\":\"ListItem\",\"position\":2,\"name\":\"Contacts\"}]},{\"@type\":\"WebSite\",\"@id\":\"https:\\\/\\\/www.osmasas.it\\\/fr\\\/#website\",\"url\":\"https:\\\/\\\/www.osmasas.it\\\/fr\\\/\",\"name\":\"Osma\",\"description\":\"Macchine Agricole e Forestali\",\"publisher\":{\"@id\":\"https:\\\/\\\/www.osmasas.it\\\/fr\\\/#organization\"},\"potentialAction\":[{\"@type\":\"SearchAction\",\"target\":{\"@type\":\"EntryPoint\",\"urlTemplate\":\"https:\\\/\\\/www.osmasas.it\\\/fr\\\/?s={search_term_string}\"},\"query-input\":{\"@type\":\"PropertyValueSpecification\",\"valueRequired\":true,\"valueName\":\"search_term_string\"}}],\"inLanguage\":\"fr-FR\"},{\"@type\":\"Organization\",\"@id\":\"https:\\\/\\\/www.osmasas.it\\\/fr\\\/#organization\",\"name\":\"Osma\",\"url\":\"https:\\\/\\\/www.osmasas.it\\\/fr\\\/\",\"logo\":{\"@type\":\"ImageObject\",\"inLanguage\":\"fr-FR\",\"@id\":\"https:\\\/\\\/www.osmasas.it\\\/fr\\\/#\\\/schema\\\/logo\\\/image\\\/\",\"url\":\"https:\\\/\\\/www.osmasas.it\\\/wp-content\\\/uploads\\\/2021\\\/12\\\/Osma-sas-logo.png\",\"contentUrl\":\"https:\\\/\\\/www.osmasas.it\\\/wp-content\\\/uploads\\\/2021\\\/12\\\/Osma-sas-logo.png\",\"width\":247,\"height\":94,\"caption\":\"Osma\"},\"image\":{\"@id\":\"https:\\\/\\\/www.osmasas.it\\\/fr\\\/#\\\/schema\\\/logo\\\/image\\\/\"}}]}<\/script>\n<!-- \/ Yoast SEO plugin. -->","yoast_head_json":{"title":"Contacts | OSMA | Machines Agricoles et Foresti\u00e8res | Cremona","description":"Vous pouvez contacter OSMA via le formulaire de contact, ou \u00e9crire au service commercial, administration, pi\u00e8ces de rechange, bureau technique.","robots":{"index":"index","follow":"follow","max-snippet":"max-snippet:-1","max-image-preview":"max-image-preview:large","max-video-preview":"max-video-preview:-1"},"canonical":"https:\/\/www.osmasas.it\/fr\/contacts\/","og_locale":"fr_FR","og_type":"article","og_title":"Contacts | OSMA | Machines Agricoles et Foresti\u00e8res | Cremona","og_description":"Vous pouvez contacter OSMA via le formulaire de contact, ou \u00e9crire au service commercial, administration, pi\u00e8ces de rechange, bureau technique.","og_url":"https:\/\/www.osmasas.it\/fr\/contacts\/","og_site_name":"Osma","twitter_card":"summary_large_image","schema":{"@context":"https:\/\/schema.org","@graph":[{"@type":"WebPage","@id":"https:\/\/www.osmasas.it\/fr\/contacts\/","url":"https:\/\/www.osmasas.it\/fr\/contacts\/","name":"Contacts | OSMA | Machines Agricoles et Foresti\u00e8res | Cremona","isPartOf":{"@id":"https:\/\/www.osmasas.it\/fr\/#website"},"datePublished":"2024-07-09T12:30:09+00:00","description":"Vous pouvez contacter OSMA via le formulaire de contact, ou \u00e9crire au service commercial, administration, pi\u00e8ces de rechange, bureau technique.","breadcrumb":{"@id":"https:\/\/www.osmasas.it\/fr\/contacts\/#breadcrumb"},"inLanguage":"fr-FR","potentialAction":[{"@type":"ReadAction","target":["https:\/\/www.osmasas.it\/fr\/contacts\/"]}]},{"@type":"BreadcrumbList","@id":"https:\/\/www.osmasas.it\/fr\/contacts\/#breadcrumb","itemListElement":[{"@type":"ListItem","position":1,"name":"Home","item":"https:\/\/www.osmasas.it\/fr\/osma-machines-agricoles-et-forestieres\/"},{"@type":"ListItem","position":2,"name":"Contacts"}]},{"@type":"WebSite","@id":"https:\/\/www.osmasas.it\/fr\/#website","url":"https:\/\/www.osmasas.it\/fr\/","name":"Osma","description":"Macchine Agricole e Forestali","publisher":{"@id":"https:\/\/www.osmasas.it\/fr\/#organization"},"potentialAction":[{"@type":"SearchAction","target":{"@type":"EntryPoint","urlTemplate":"https:\/\/www.osmasas.it\/fr\/?s={search_term_string}"},"query-input":{"@type":"PropertyValueSpecification","valueRequired":true,"valueName":"search_term_string"}}],"inLanguage":"fr-FR"},{"@type":"Organization","@id":"https:\/\/www.osmasas.it\/fr\/#organization","name":"Osma","url":"https:\/\/www.osmasas.it\/fr\/","logo":{"@type":"ImageObject","inLanguage":"fr-FR","@id":"https:\/\/www.osmasas.it\/fr\/#\/schema\/logo\/image\/","url":"https:\/\/www.osmasas.it\/wp-content\/uploads\/2021\/12\/Osma-sas-logo.png","contentUrl":"https:\/\/www.osmasas.it\/wp-content\/uploads\/2021\/12\/Osma-sas-logo.png","width":247,"height":94,"caption":"Osma"},"image":{"@id":"https:\/\/www.osmasas.it\/fr\/#\/schema\/logo\/image\/"}}]}},"_links":{"self":[{"href":"https:\/\/www.osmasas.it\/fr\/wp-json\/wp\/v2\/pages\/6009","targetHints":{"allow":["GET"]}}],"collection":[{"href":"https:\/\/www.osmasas.it\/fr\/wp-json\/wp\/v2\/pages"}],"about":[{"href":"https:\/\/www.osmasas.it\/fr\/wp-json\/wp\/v2\/types\/page"}],"author":[{"embeddable":true,"href":"https:\/\/www.osmasas.it\/fr\/wp-json\/wp\/v2\/users\/1"}],"replies":[{"embeddable":true,"href":"https:\/\/www.osmasas.it\/fr\/wp-json\/wp\/v2\/comments?post=6009"}],"version-history":[{"count":1,"href":"https:\/\/www.osmasas.it\/fr\/wp-json\/wp\/v2\/pages\/6009\/revisions"}],"predecessor-version":[{"id":6010,"href":"https:\/\/www.osmasas.it\/fr\/wp-json\/wp\/v2\/pages\/6009\/revisions\/6010"}],"wp:attachment":[{"href":"https:\/\/www.osmasas.it\/fr\/wp-json\/wp\/v2\/media?parent=6009"}],"curies":[{"name":"wp","href":"https:\/\/api.w.org\/{rel}","templated":true}]}}