{"id":6005,"date":"2024-07-09T12:29:21","date_gmt":"2024-07-09T10:29:21","guid":{"rendered":"https:\/\/www.osmasas.it\/entreprise\/"},"modified":"2024-07-09T12:29:21","modified_gmt":"2024-07-09T10:29:21","slug":"entreprise","status":"publish","type":"page","link":"https:\/\/www.osmasas.it\/fr\/entreprise\/","title":{"rendered":"Entreprise"},"content":{"rendered":"\n<h2 class=\"has-text-align-center wp-block-heading\">Machines et \u00e9quipements agricoles et forestiers<\/h2>\n\n<p class=\"has-medium-font-size\">Il est difficile d&rsquo;imaginer ce que Francesco Sanzanni pensait de son propre avenir en 1966, lorsque son aventure entrepreneuriale a commenc\u00e9. Nous croyons qu&rsquo;il y avait un r\u00eave derri\u00e8re le dur labeur quotidien, un r\u00eave qui peut-\u00eatre n&rsquo;imaginait m\u00eame pas tout ce qu&rsquo;il a construit aujourd&rsquo;hui. Un processus et un parcours d&rsquo;entreprise guid\u00e9s et men\u00e9s pour les impliquer tous : la famille, les collaborateurs, les employ\u00e9s, le tissu social. Ainsi, \u00e0 la t\u00eate de ce qui est aujourd&rsquo;hui une entreprise de renomm\u00e9e internationale, il y a un groupe familial soud\u00e9 et partageant les m\u00eames id\u00e9aux : passion pour leur travail, sacrifice, dialogue ouvert et loyal \u00e9tendu \u00e0 toute l&rsquo;entreprise.<\/p>\n<style>.wp-block-kadence-advancedgallery.kb-gallery-wrap-id-_44b189-e6{overflow:hidden;}.kb-gallery-id-_44b189-e6 .kadence-blocks-gallery-item .kb-gal-image-radius, .kb-gallery-id-_44b189-e6 .kb-slide-item .kb-gal-image-radius img{border-radius:0px 0px 0px 0px;;}.kb-gallery-wrap-id-_44b189-e6.wp-block-kadence-advancedgallery{overflow:visible;}.kb-gallery-wrap-id-_44b189-e6.wp-block-kadence-advancedgallery .kt-blocks-carousel{overflow:visible;}<\/style><div class=\"kb-gallery-wrap-id-_44b189-e6 alignnone mb-4 wp-block-kadence-advancedgallery\"><div class=\"kb-gallery-ul kb-gallery-non-static kb-gallery-type-carousel kb-gallery-id-_44b189-e6 kb-gallery-caption-style-bottom-hover kb-gallery-filter-none\" data-image-filter=\"none\" data-lightbox-caption=\"true\"><div class=\"kt-blocks-carousel splide kt-carousel-container-dotstyle-dark kt-carousel-arrowstyle-whiteondark kt-carousel-dotstyle-dark kb-slider-group-arrow kb-slider-arrow-position-center\" data-columns-xxl=\"3\" data-columns-xl=\"3\" data-columns-md=\"3\" data-columns-sm=\"2\" data-columns-xs=\"1\" data-columns-ss=\"1\" data-slider-anim-speed=\"400\" data-slider-scroll=\"1\" data-slider-arrows=\"true\" data-slider-dots=\"true\" data-slider-hover-pause=\"false\" data-slider-auto=\"\" data-slider-speed=\"7000\" data-slider-gap=\"10px\" data-slider-gap-tablet=\"10px\" data-slider-gap-mobile=\"10px\" data-show-pause-button=\"false\" data-slider-label=\"Photo Gallery Carousel\"><div class=\"splide__track\"><ul class=\"kt-blocks-carousel-init kb-gallery-carousel splide__list\"><li class=\"kb-slide-item kb-gallery-carousel-item splide__slide\"><div class=\"kadence-blocks-gallery-item\"><div class=\"kadence-blocks-gallery-item-inner\"><figure class=\"kb-gallery-figure kadence-blocks-gallery-item-hide-caption\"><div class=\"kb-gal-image-radius\"><div class=\"kb-gallery-image-contain kadence-blocks-gallery-intrinsic kb-gallery-image-ratio-land32 kb-has-image-ratio-land32\" ><img loading=\"lazy\" decoding=\"async\" src=\"https:\/\/www.osmasas.it\/wp-content\/themes\/webag_3\/templates-default\/img\/t.png\" data-src=\"https:\/\/www.osmasas.it\/wp-content\/uploads\/2021\/05\/osma-azienda-storia.jpg\" width=\"600\" height=\"449\" alt=\"\" data-full-image=\"https:\/\/www.osmasas.it\/wp-content\/uploads\/2021\/05\/osma-azienda-storia.jpg\" data-light-image=\"https:\/\/www.osmasas.it\/wp-content\/uploads\/2021\/05\/osma-azienda-storia.jpg\" data-id=\"306\" class=\"lazy wp-image-306 skip-lazy\" data-srcset=\"https:\/\/www.osmasas.it\/wp-content\/uploads\/2021\/05\/osma-azienda-storia.jpg 600w, https:\/\/www.osmasas.it\/wp-content\/uploads\/2021\/05\/osma-azienda-storia-300x225.jpg 300w, https:\/\/www.osmasas.it\/wp-content\/uploads\/2021\/05\/osma-azienda-storia-150x112.jpg 150w\" sizes=\"auto, (max-width: 600px) 100vw, 600px\" \/><\/div><\/div><\/figure><\/div><\/div><\/li><li class=\"kb-slide-item kb-gallery-carousel-item splide__slide\"><div class=\"kadence-blocks-gallery-item\"><div class=\"kadence-blocks-gallery-item-inner\"><figure class=\"kb-gallery-figure kadence-blocks-gallery-item-hide-caption\"><div class=\"kb-gal-image-radius\"><div class=\"kb-gallery-image-contain kadence-blocks-gallery-intrinsic kb-gallery-image-ratio-land32 kb-has-image-ratio-land32\" ><img loading=\"lazy\" decoding=\"async\" src=\"https:\/\/www.osmasas.it\/wp-content\/themes\/webag_3\/templates-default\/img\/t.png\" data-src=\"https:\/\/www.osmasas.it\/wp-content\/uploads\/2021\/05\/osma-azienda-5-1024x758.jpg\" width=\"1024\" height=\"758\" alt=\"\" data-full-image=\"https:\/\/www.osmasas.it\/wp-content\/uploads\/2021\/05\/osma-azienda-5.jpg\" data-light-image=\"https:\/\/www.osmasas.it\/wp-content\/uploads\/2021\/05\/osma-azienda-5.jpg\" data-id=\"311\" class=\"lazy wp-image-311 skip-lazy\" data-srcset=\"https:\/\/www.osmasas.it\/wp-content\/uploads\/2021\/05\/osma-azienda-5-1024x758.jpg 1024w, https:\/\/www.osmasas.it\/wp-content\/uploads\/2021\/05\/osma-azienda-5-300x222.jpg 300w, https:\/\/www.osmasas.it\/wp-content\/uploads\/2021\/05\/osma-azienda-5-768x569.jpg 768w, https:\/\/www.osmasas.it\/wp-content\/uploads\/2021\/05\/osma-azienda-5-150x111.jpg 150w, https:\/\/www.osmasas.it\/wp-content\/uploads\/2021\/05\/osma-azienda-5.jpg 1237w\" sizes=\"auto, (max-width: 1024px) 100vw, 1024px\" \/><\/div><\/div><\/figure><\/div><\/div><\/li><li class=\"kb-slide-item kb-gallery-carousel-item splide__slide\"><div class=\"kadence-blocks-gallery-item\"><div class=\"kadence-blocks-gallery-item-inner\"><figure class=\"kb-gallery-figure kadence-blocks-gallery-item-hide-caption\"><div class=\"kb-gal-image-radius\"><div class=\"kb-gallery-image-contain kadence-blocks-gallery-intrinsic kb-gallery-image-ratio-land32 kb-has-image-ratio-land32\" ><img loading=\"lazy\" decoding=\"async\" src=\"https:\/\/www.osmasas.it\/wp-content\/themes\/webag_3\/templates-default\/img\/t.png\" data-src=\"https:\/\/www.osmasas.it\/wp-content\/uploads\/2023\/01\/osma-azienda-1024x507.jpg\" width=\"1024\" height=\"507\" alt=\"\" data-full-image=\"https:\/\/www.osmasas.it\/wp-content\/uploads\/2023\/01\/osma-azienda.jpg\" data-light-image=\"https:\/\/www.osmasas.it\/wp-content\/uploads\/2023\/01\/osma-azienda.jpg\" data-id=\"5413\" class=\"lazy wp-image-5413 skip-lazy\" data-srcset=\"https:\/\/www.osmasas.it\/wp-content\/uploads\/2023\/01\/osma-azienda-1024x507.jpg 1024w, https:\/\/www.osmasas.it\/wp-content\/uploads\/2023\/01\/osma-azienda-300x148.jpg 300w, https:\/\/www.osmasas.it\/wp-content\/uploads\/2023\/01\/osma-azienda-768x380.jpg 768w, https:\/\/www.osmasas.it\/wp-content\/uploads\/2023\/01\/osma-azienda-150x74.jpg 150w, https:\/\/www.osmasas.it\/wp-content\/uploads\/2023\/01\/osma-azienda.jpg 1241w\" sizes=\"auto, (max-width: 1024px) 100vw, 1024px\" \/><\/div><\/div><\/figure><\/div><\/div><\/li><li class=\"kb-slide-item kb-gallery-carousel-item splide__slide\"><div class=\"kadence-blocks-gallery-item\"><div class=\"kadence-blocks-gallery-item-inner\"><figure class=\"kb-gallery-figure kadence-blocks-gallery-item-hide-caption\"><div class=\"kb-gal-image-radius\"><div class=\"kb-gallery-image-contain kadence-blocks-gallery-intrinsic kb-gallery-image-ratio-land32 kb-has-image-ratio-land32\" ><img loading=\"lazy\" decoding=\"async\" src=\"https:\/\/www.osmasas.it\/wp-content\/themes\/webag_3\/templates-default\/img\/t.png\" data-src=\"https:\/\/www.osmasas.it\/wp-content\/uploads\/2021\/05\/osma-azienda-2.jpg\" width=\"403\" height=\"322\" alt=\"\" data-full-image=\"https:\/\/www.osmasas.it\/wp-content\/uploads\/2021\/05\/osma-azienda-2.jpg\" data-light-image=\"https:\/\/www.osmasas.it\/wp-content\/uploads\/2021\/05\/osma-azienda-2.jpg\" data-id=\"321\" class=\"lazy wp-image-321 skip-lazy\" data-srcset=\"https:\/\/www.osmasas.it\/wp-content\/uploads\/2021\/05\/osma-azienda-2.jpg 403w, https:\/\/www.osmasas.it\/wp-content\/uploads\/2021\/05\/osma-azienda-2-300x240.jpg 300w, https:\/\/www.osmasas.it\/wp-content\/uploads\/2021\/05\/osma-azienda-2-150x120.jpg 150w\" sizes=\"auto, (max-width: 403px) 100vw, 403px\" \/><\/div><\/div><\/figure><\/div><\/div><\/li><li class=\"kb-slide-item kb-gallery-carousel-item splide__slide\"><div class=\"kadence-blocks-gallery-item\"><div class=\"kadence-blocks-gallery-item-inner\"><figure class=\"kb-gallery-figure kadence-blocks-gallery-item-hide-caption\"><div class=\"kb-gal-image-radius\"><div class=\"kb-gallery-image-contain kadence-blocks-gallery-intrinsic kb-gallery-image-ratio-land32 kb-has-image-ratio-land32\" ><img loading=\"lazy\" decoding=\"async\" src=\"https:\/\/www.osmasas.it\/wp-content\/themes\/webag_3\/templates-default\/img\/t.png\" data-src=\"https:\/\/www.osmasas.it\/wp-content\/uploads\/2021\/05\/osma-azienda-3.jpg\" width=\"405\" height=\"333\" alt=\"\" data-full-image=\"https:\/\/www.osmasas.it\/wp-content\/uploads\/2021\/05\/osma-azienda-3.jpg\" data-light-image=\"https:\/\/www.osmasas.it\/wp-content\/uploads\/2021\/05\/osma-azienda-3.jpg\" data-id=\"326\" class=\"lazy wp-image-326 skip-lazy\" data-srcset=\"https:\/\/www.osmasas.it\/wp-content\/uploads\/2021\/05\/osma-azienda-3.jpg 405w, https:\/\/www.osmasas.it\/wp-content\/uploads\/2021\/05\/osma-azienda-3-300x247.jpg 300w, https:\/\/www.osmasas.it\/wp-content\/uploads\/2021\/05\/osma-azienda-3-150x123.jpg 150w\" sizes=\"auto, (max-width: 405px) 100vw, 405px\" \/><\/div><\/div><\/figure><\/div><\/div><\/li><li class=\"kb-slide-item kb-gallery-carousel-item splide__slide\"><div class=\"kadence-blocks-gallery-item\"><div class=\"kadence-blocks-gallery-item-inner\"><figure class=\"kb-gallery-figure kadence-blocks-gallery-item-hide-caption\"><div class=\"kb-gal-image-radius\"><div class=\"kb-gallery-image-contain kadence-blocks-gallery-intrinsic kb-gallery-image-ratio-land32 kb-has-image-ratio-land32\" ><img loading=\"lazy\" decoding=\"async\" src=\"https:\/\/www.osmasas.it\/wp-content\/themes\/webag_3\/templates-default\/img\/t.png\" data-src=\"https:\/\/www.osmasas.it\/wp-content\/uploads\/2021\/05\/osma-azienda-4.jpg\" width=\"400\" height=\"328\" alt=\"\" data-full-image=\"https:\/\/www.osmasas.it\/wp-content\/uploads\/2021\/05\/osma-azienda-4.jpg\" data-light-image=\"https:\/\/www.osmasas.it\/wp-content\/uploads\/2021\/05\/osma-azienda-4.jpg\" data-id=\"331\" class=\"lazy wp-image-331 skip-lazy\" data-srcset=\"https:\/\/www.osmasas.it\/wp-content\/uploads\/2021\/05\/osma-azienda-4.jpg 400w, https:\/\/www.osmasas.it\/wp-content\/uploads\/2021\/05\/osma-azienda-4-300x246.jpg 300w, https:\/\/www.osmasas.it\/wp-content\/uploads\/2021\/05\/osma-azienda-4-150x123.jpg 150w\" sizes=\"auto, (max-width: 400px) 100vw, 400px\" \/><\/div><\/div><\/figure><\/div><\/div><\/li><\/ul><\/div><\/div><\/div><\/div>\n<p>Ceux qui travaillent chez Osma savent qu&rsquo;ils font partie de quelque chose de sp\u00e9cial. Osma n&rsquo;est pas juste une personne, une marque ou un groupe de techniciens. Osma est la somme de ses ressources : une entreprise qui s&rsquo;est structur\u00e9e et s&rsquo;identifie \u00e0 la force humaine qui la compose. Responsabilisation, r\u00f4le, prise de d\u00e9cision, d\u00e9termination, \u00e9nergie et passion : voil\u00e0 ce qui est propos\u00e9 \u00e0 tous. C&rsquo;est exigeant mais c&rsquo;est la mani\u00e8re la plus concr\u00e8te de r\u00e9pondre \u00e0 ceux qui demandent de la technologie et \u00e0 ceux qui croient en un Osma tourn\u00e9 vers l&rsquo;avenir. Ceux qui travaillent et ont travaill\u00e9 chez Osma savent qu&rsquo;ils font partie d&rsquo;une histoire qui s&rsquo;\u00e9crit en temps r\u00e9el, d&rsquo;un d\u00e9fi qui dure depuis quarante ans et qui doit encore conna\u00eetre ses plus beaux et intenses aboutissements. Avec cette publication, nous ne voulons pas vous parler des caract\u00e9ristiques techniques et sp\u00e9cifiques, ni vous raconter la qualit\u00e9 et la fiabilit\u00e9 reconnues des machines Osma dans le monde entier, mais pr\u00e9senter ceux qui se cachent derri\u00e8re le travail quotidien : le c\u0153ur commercial, conceptuel et productif du groupe qui contribue avec passion \u00e0 affirmer Osma comme une marque leader dans la production de machines et d&rsquo;\u00e9quipements pour les travaux forestiers et agricoles.<\/p>\n","protected":false},"excerpt":{"rendered":"<p>Machines et \u00e9quipements agricoles et forestiers Il est difficile d&rsquo;imaginer ce que Francesco Sanzanni pensait de son propre avenir en 1966, lorsque son aventure entrepreneuriale a commenc\u00e9. Nous croyons qu&rsquo;il y avait un r\u00eave derri\u00e8re le dur labeur quotidien, un r\u00eave qui peut-\u00eatre n&rsquo;imaginait m\u00eame pas tout ce qu&rsquo;il a construit aujourd&rsquo;hui. Un processus et [&hellip;]<\/p>\n","protected":false},"author":1,"featured_media":301,"parent":0,"menu_order":0,"comment_status":"closed","ping_status":"closed","template":"","meta":{"_acf_changed":false,"footnotes":""},"class_list":["post-6005","page","type-page","status-publish","has-post-thumbnail","hentry"],"acf":[],"yoast_head":"<!-- This site is optimized with the Yoast SEO plugin v27.6 - https:\/\/yoast.com\/product\/yoast-seo-wordpress\/ -->\n<title>Entreprise | OSMA | Machines agricoles et forestiers | Cremona<\/title>\n<meta name=\"description\" content=\"L&#039;entreprise OSMA sas est sp\u00e9cialis\u00e9e dans la production de machines et d&#039;\u00e9quipements pour le travail forestier et agricole.\" \/>\n<meta name=\"robots\" content=\"index, follow, max-snippet:-1, max-image-preview:large, max-video-preview:-1\" \/>\n<link rel=\"canonical\" href=\"https:\/\/www.osmasas.it\/fr\/entreprise\/\" \/>\n<meta property=\"og:locale\" content=\"fr_FR\" \/>\n<meta property=\"og:type\" content=\"article\" \/>\n<meta property=\"og:title\" content=\"Entreprise | OSMA | Machines agricoles et forestiers | Cremona\" \/>\n<meta property=\"og:description\" content=\"L&#039;entreprise OSMA sas est sp\u00e9cialis\u00e9e dans la production de machines et d&#039;\u00e9quipements pour le travail forestier et agricole.\" \/>\n<meta property=\"og:url\" content=\"https:\/\/www.osmasas.it\/fr\/entreprise\/\" \/>\n<meta property=\"og:site_name\" content=\"Osma\" \/>\n<meta property=\"og:image\" content=\"https:\/\/www.osmasas.it\/wp-content\/uploads\/2021\/05\/osma-sfondo-testate-2.jpg\" \/>\n\t<meta property=\"og:image:width\" content=\"1600\" \/>\n\t<meta property=\"og:image:height\" content=\"280\" \/>\n\t<meta property=\"og:image:type\" content=\"image\/jpeg\" \/>\n<meta name=\"twitter:card\" content=\"summary_large_image\" \/>\n<meta name=\"twitter:label1\" content=\"Dur\u00e9e de lecture estim\u00e9e\" \/>\n\t<meta name=\"twitter:data1\" content=\"2 minutes\" \/>\n<script type=\"application\/ld+json\" class=\"yoast-schema-graph\">{\"@context\":\"https:\\\/\\\/schema.org\",\"@graph\":[{\"@type\":\"WebPage\",\"@id\":\"https:\\\/\\\/www.osmasas.it\\\/fr\\\/entreprise\\\/\",\"url\":\"https:\\\/\\\/www.osmasas.it\\\/fr\\\/entreprise\\\/\",\"name\":\"Entreprise | OSMA | Machines agricoles et forestiers | Cremona\",\"isPartOf\":{\"@id\":\"https:\\\/\\\/www.osmasas.it\\\/fr\\\/#website\"},\"primaryImageOfPage\":{\"@id\":\"https:\\\/\\\/www.osmasas.it\\\/fr\\\/entreprise\\\/#primaryimage\"},\"image\":{\"@id\":\"https:\\\/\\\/www.osmasas.it\\\/fr\\\/entreprise\\\/#primaryimage\"},\"thumbnailUrl\":\"https:\\\/\\\/www.osmasas.it\\\/wp-content\\\/uploads\\\/2021\\\/05\\\/osma-sfondo-testate-2.jpg\",\"datePublished\":\"2024-07-09T10:29:21+00:00\",\"description\":\"L'entreprise OSMA sas est sp\u00e9cialis\u00e9e dans la production de machines et d'\u00e9quipements pour le travail forestier et agricole.\",\"breadcrumb\":{\"@id\":\"https:\\\/\\\/www.osmasas.it\\\/fr\\\/entreprise\\\/#breadcrumb\"},\"inLanguage\":\"fr-FR\",\"potentialAction\":[{\"@type\":\"ReadAction\",\"target\":[\"https:\\\/\\\/www.osmasas.it\\\/fr\\\/entreprise\\\/\"]}]},{\"@type\":\"ImageObject\",\"inLanguage\":\"fr-FR\",\"@id\":\"https:\\\/\\\/www.osmasas.it\\\/fr\\\/entreprise\\\/#primaryimage\",\"url\":\"https:\\\/\\\/www.osmasas.it\\\/wp-content\\\/uploads\\\/2021\\\/05\\\/osma-sfondo-testate-2.jpg\",\"contentUrl\":\"https:\\\/\\\/www.osmasas.it\\\/wp-content\\\/uploads\\\/2021\\\/05\\\/osma-sfondo-testate-2.jpg\",\"width\":1600,\"height\":280},{\"@type\":\"BreadcrumbList\",\"@id\":\"https:\\\/\\\/www.osmasas.it\\\/fr\\\/entreprise\\\/#breadcrumb\",\"itemListElement\":[{\"@type\":\"ListItem\",\"position\":1,\"name\":\"Home\",\"item\":\"https:\\\/\\\/www.osmasas.it\\\/fr\\\/osma-machines-agricoles-et-forestieres\\\/\"},{\"@type\":\"ListItem\",\"position\":2,\"name\":\"Entreprise\"}]},{\"@type\":\"WebSite\",\"@id\":\"https:\\\/\\\/www.osmasas.it\\\/fr\\\/#website\",\"url\":\"https:\\\/\\\/www.osmasas.it\\\/fr\\\/\",\"name\":\"Osma\",\"description\":\"Macchine Agricole e Forestali\",\"publisher\":{\"@id\":\"https:\\\/\\\/www.osmasas.it\\\/fr\\\/#organization\"},\"potentialAction\":[{\"@type\":\"SearchAction\",\"target\":{\"@type\":\"EntryPoint\",\"urlTemplate\":\"https:\\\/\\\/www.osmasas.it\\\/fr\\\/?s={search_term_string}\"},\"query-input\":{\"@type\":\"PropertyValueSpecification\",\"valueRequired\":true,\"valueName\":\"search_term_string\"}}],\"inLanguage\":\"fr-FR\"},{\"@type\":\"Organization\",\"@id\":\"https:\\\/\\\/www.osmasas.it\\\/fr\\\/#organization\",\"name\":\"Osma\",\"url\":\"https:\\\/\\\/www.osmasas.it\\\/fr\\\/\",\"logo\":{\"@type\":\"ImageObject\",\"inLanguage\":\"fr-FR\",\"@id\":\"https:\\\/\\\/www.osmasas.it\\\/fr\\\/#\\\/schema\\\/logo\\\/image\\\/\",\"url\":\"https:\\\/\\\/www.osmasas.it\\\/wp-content\\\/uploads\\\/2021\\\/12\\\/Osma-sas-logo.png\",\"contentUrl\":\"https:\\\/\\\/www.osmasas.it\\\/wp-content\\\/uploads\\\/2021\\\/12\\\/Osma-sas-logo.png\",\"width\":247,\"height\":94,\"caption\":\"Osma\"},\"image\":{\"@id\":\"https:\\\/\\\/www.osmasas.it\\\/fr\\\/#\\\/schema\\\/logo\\\/image\\\/\"}}]}<\/script>\n<!-- \/ Yoast SEO plugin. -->","yoast_head_json":{"title":"Entreprise | OSMA | Machines agricoles et forestiers | Cremona","description":"L'entreprise OSMA sas est sp\u00e9cialis\u00e9e dans la production de machines et d'\u00e9quipements pour le travail forestier et agricole.","robots":{"index":"index","follow":"follow","max-snippet":"max-snippet:-1","max-image-preview":"max-image-preview:large","max-video-preview":"max-video-preview:-1"},"canonical":"https:\/\/www.osmasas.it\/fr\/entreprise\/","og_locale":"fr_FR","og_type":"article","og_title":"Entreprise | OSMA | Machines agricoles et forestiers | Cremona","og_description":"L'entreprise OSMA sas est sp\u00e9cialis\u00e9e dans la production de machines et d'\u00e9quipements pour le travail forestier et agricole.","og_url":"https:\/\/www.osmasas.it\/fr\/entreprise\/","og_site_name":"Osma","og_image":[{"width":1600,"height":280,"url":"https:\/\/www.osmasas.it\/wp-content\/uploads\/2021\/05\/osma-sfondo-testate-2.jpg","type":"image\/jpeg"}],"twitter_card":"summary_large_image","twitter_misc":{"Dur\u00e9e de lecture estim\u00e9e":"2 minutes"},"schema":{"@context":"https:\/\/schema.org","@graph":[{"@type":"WebPage","@id":"https:\/\/www.osmasas.it\/fr\/entreprise\/","url":"https:\/\/www.osmasas.it\/fr\/entreprise\/","name":"Entreprise | OSMA | Machines agricoles et forestiers | Cremona","isPartOf":{"@id":"https:\/\/www.osmasas.it\/fr\/#website"},"primaryImageOfPage":{"@id":"https:\/\/www.osmasas.it\/fr\/entreprise\/#primaryimage"},"image":{"@id":"https:\/\/www.osmasas.it\/fr\/entreprise\/#primaryimage"},"thumbnailUrl":"https:\/\/www.osmasas.it\/wp-content\/uploads\/2021\/05\/osma-sfondo-testate-2.jpg","datePublished":"2024-07-09T10:29:21+00:00","description":"L'entreprise OSMA sas est sp\u00e9cialis\u00e9e dans la production de machines et d'\u00e9quipements pour le travail forestier et agricole.","breadcrumb":{"@id":"https:\/\/www.osmasas.it\/fr\/entreprise\/#breadcrumb"},"inLanguage":"fr-FR","potentialAction":[{"@type":"ReadAction","target":["https:\/\/www.osmasas.it\/fr\/entreprise\/"]}]},{"@type":"ImageObject","inLanguage":"fr-FR","@id":"https:\/\/www.osmasas.it\/fr\/entreprise\/#primaryimage","url":"https:\/\/www.osmasas.it\/wp-content\/uploads\/2021\/05\/osma-sfondo-testate-2.jpg","contentUrl":"https:\/\/www.osmasas.it\/wp-content\/uploads\/2021\/05\/osma-sfondo-testate-2.jpg","width":1600,"height":280},{"@type":"BreadcrumbList","@id":"https:\/\/www.osmasas.it\/fr\/entreprise\/#breadcrumb","itemListElement":[{"@type":"ListItem","position":1,"name":"Home","item":"https:\/\/www.osmasas.it\/fr\/osma-machines-agricoles-et-forestieres\/"},{"@type":"ListItem","position":2,"name":"Entreprise"}]},{"@type":"WebSite","@id":"https:\/\/www.osmasas.it\/fr\/#website","url":"https:\/\/www.osmasas.it\/fr\/","name":"Osma","description":"Macchine Agricole e Forestali","publisher":{"@id":"https:\/\/www.osmasas.it\/fr\/#organization"},"potentialAction":[{"@type":"SearchAction","target":{"@type":"EntryPoint","urlTemplate":"https:\/\/www.osmasas.it\/fr\/?s={search_term_string}"},"query-input":{"@type":"PropertyValueSpecification","valueRequired":true,"valueName":"search_term_string"}}],"inLanguage":"fr-FR"},{"@type":"Organization","@id":"https:\/\/www.osmasas.it\/fr\/#organization","name":"Osma","url":"https:\/\/www.osmasas.it\/fr\/","logo":{"@type":"ImageObject","inLanguage":"fr-FR","@id":"https:\/\/www.osmasas.it\/fr\/#\/schema\/logo\/image\/","url":"https:\/\/www.osmasas.it\/wp-content\/uploads\/2021\/12\/Osma-sas-logo.png","contentUrl":"https:\/\/www.osmasas.it\/wp-content\/uploads\/2021\/12\/Osma-sas-logo.png","width":247,"height":94,"caption":"Osma"},"image":{"@id":"https:\/\/www.osmasas.it\/fr\/#\/schema\/logo\/image\/"}}]}},"_links":{"self":[{"href":"https:\/\/www.osmasas.it\/fr\/wp-json\/wp\/v2\/pages\/6005","targetHints":{"allow":["GET"]}}],"collection":[{"href":"https:\/\/www.osmasas.it\/fr\/wp-json\/wp\/v2\/pages"}],"about":[{"href":"https:\/\/www.osmasas.it\/fr\/wp-json\/wp\/v2\/types\/page"}],"author":[{"embeddable":true,"href":"https:\/\/www.osmasas.it\/fr\/wp-json\/wp\/v2\/users\/1"}],"replies":[{"embeddable":true,"href":"https:\/\/www.osmasas.it\/fr\/wp-json\/wp\/v2\/comments?post=6005"}],"version-history":[{"count":1,"href":"https:\/\/www.osmasas.it\/fr\/wp-json\/wp\/v2\/pages\/6005\/revisions"}],"predecessor-version":[{"id":6006,"href":"https:\/\/www.osmasas.it\/fr\/wp-json\/wp\/v2\/pages\/6005\/revisions\/6006"}],"wp:featuredmedia":[{"embeddable":true,"href":"https:\/\/www.osmasas.it\/fr\/wp-json\/wp\/v2\/media\/301"}],"wp:attachment":[{"href":"https:\/\/www.osmasas.it\/fr\/wp-json\/wp\/v2\/media?parent=6005"}],"curies":[{"name":"wp","href":"https:\/\/api.w.org\/{rel}","templated":true}]}}